{"id":671,"date":"2023-04-12T17:40:25","date_gmt":"2023-04-12T17:40:25","guid":{"rendered":"http:\/\/fussball.tsv-westerstetten.de\/?page_id=671"},"modified":"2023-11-04T13:40:49","modified_gmt":"2023-11-04T13:40:49","slug":"f-junioren","status":"publish","type":"page","link":"http:\/\/fussball.tsv-westerstetten.de\/?page_id=671","title":{"rendered":"F-Junioren"},"content":{"rendered":"\n<p><strong>SGM Lonsee \u2013 Westerstetten<\/strong><\/p>\n\n\n\n<p>Jahrg\u00e4nge 2015 \u2013 2016<\/p>\n\n\n\n<figure class=\"wp-block-image size-large\"><img loading=\"lazy\" width=\"1024\" height=\"768\" src=\"http:\/\/fussball.tsv-westerstetten.de\/wp-content\/uploads\/2023\/11\/F-Mannschaft-1024x768.jpg\" alt=\"\" class=\"wp-image-752\" srcset=\"http:\/\/fussball.tsv-westerstetten.de\/wp-content\/uploads\/2023\/11\/F-Mannschaft-1024x768.jpg 1024w, http:\/\/fussball.tsv-westerstetten.de\/wp-content\/uploads\/2023\/11\/F-Mannschaft-300x225.jpg 300w, http:\/\/fussball.tsv-westerstetten.de\/wp-content\/uploads\/2023\/11\/F-Mannschaft-768x576.jpg 768w, http:\/\/fussball.tsv-westerstetten.de\/wp-content\/uploads\/2023\/11\/F-Mannschaft.jpg 1210w\" sizes=\"(max-width: 1024px) 100vw, 1024px\" \/><figcaption><strong>Spieler:<\/strong><br>Bilal Dogan, Moritz B\u00f6hringer, Elia H\u00e4fele, Enes Kastrati, Isaac Fischer, Jannik Zeifang, Jannis Bruns, Jonas Gans, Joshua Sch\u00e4fer, Keke G\u00f6ppel, Khalil Yasser, Kylian Kemtsop, Mailo Slunsky, Manuel Lohrmann, Matteo Stelzig, Maximilian Zeifang, Mia Simoniella, Milan Rujavec, Oskar M\u00fcller, Okan Stricker, Paul Fischer, Dayvid Penner, Phileas Gorny, Sahin Alp Dogan, Said Amir Mosawi, Sidat Hussein, Sozdar Hussein, Theo Eckert, Theo Neumann, Tom Sch\u00e4ch, Vito Bernstein<\/figcaption><\/figure>\n\n\n\n<p><strong>Training:<br><\/strong><em>Sommer:<\/em><br>Dienstag 17:00 \u2013 18:30 Uhr und Freitag 16:30 \u2013 18:00 Uhr auf dem Sportplatz auf dem Salachberg in Lonsee.<\/p>\n\n\n\n<p><em>Winter:<\/em><br>Dienstag 17:00 \u2013 18:30 Uhr und Freitag&nbsp; 17:00 \u2013 18:30 Uhr in der Lonetalhalle in Westerstetten.<\/p>\n\n\n\n<p><\/p>\n\n\n\n<p><strong>Trainer<\/strong><\/p>\n\n\n\n<div class=\"wp-block-image is-style-rounded\"><figure class=\"alignleft size-full\"><img src=\"http:\/\/fussball.tsv-westerstetten.de\/wp-content\/uploads\/2023\/11\/Spieler-Vorstand-Trainer_mit-Wappen47-2.jpg\" alt=\"\" class=\"wp-image-758\"\/><figcaption><strong>Martin Zeifang<\/strong><br><strong>Trainer<\/strong><br>Tel.: 0170\/4185352<\/figcaption><\/figure><\/div>\n\n\n\n<div class=\"wp-block-image is-style-rounded\"><figure class=\"alignleft size-full\"><img loading=\"lazy\" width=\"177\" height=\"207\" src=\"http:\/\/fussball.tsv-westerstetten.de\/wp-content\/uploads\/2023\/11\/Spieler-Vorstand-Trainer_mit-Wappen48-1.jpg\" alt=\"\" class=\"wp-image-759\"\/><figcaption><strong>Ali Slunsky<\/strong><br><strong>Co-Trainer<\/strong><br><\/figcaption><\/figure><\/div>\n\n\n\n<div class=\"wp-block-image is-style-rounded\"><figure class=\"alignleft size-full\"><img loading=\"lazy\" width=\"177\" height=\"207\" src=\"http:\/\/fussball.tsv-westerstetten.de\/wp-content\/uploads\/2023\/11\/Spieler-Vorstand-Trainer_mit-Wappen49-1.jpg\" alt=\"\" class=\"wp-image-760\"\/><figcaption><strong>Peter Scholl<\/strong><br><strong>Co-Trainer<\/strong><br><\/figcaption><\/figure><\/div>\n","protected":false},"excerpt":{"rendered":"<p>SGM Lonsee \u2013 Westerstetten Jahrg\u00e4nge 2015 \u2013 2016 Training:Sommer:Dienstag 17:00 \u2013 18:30 Uhr und Freitag 16:30 \u2013 18:00 Uhr auf dem Sportplatz auf dem Salachberg in Lonsee. Winter:Dienstag 17:00 \u2013 18:30 Uhr und Freitag&nbsp; 17:00 \u2013 18:30 Uhr in der Lonetalhalle in Westerstetten. Trainer<\/p>\n","protected":false},"author":1,"featured_media":307,"parent":13,"menu_order":0,"comment_status":"closed","ping_status":"closed","template":"","meta":[],"_links":{"self":[{"href":"http:\/\/fussball.tsv-westerstetten.de\/index.php?rest_route=\/wp\/v2\/pages\/671"}],"collection":[{"href":"http:\/\/fussball.tsv-westerstetten.de\/index.php?rest_route=\/wp\/v2\/pages"}],"about":[{"href":"http:\/\/fussball.tsv-westerstetten.de\/index.php?rest_route=\/wp\/v2\/types\/page"}],"author":[{"embeddable":true,"href":"http:\/\/fussball.tsv-westerstetten.de\/index.php?rest_route=\/wp\/v2\/users\/1"}],"replies":[{"embeddable":true,"href":"http:\/\/fussball.tsv-westerstetten.de\/index.php?rest_route=%2Fwp%2Fv2%2Fcomments&post=671"}],"version-history":[{"count":4,"href":"http:\/\/fussball.tsv-westerstetten.de\/index.php?rest_route=\/wp\/v2\/pages\/671\/revisions"}],"predecessor-version":[{"id":822,"href":"http:\/\/fussball.tsv-westerstetten.de\/index.php?rest_route=\/wp\/v2\/pages\/671\/revisions\/822"}],"up":[{"embeddable":true,"href":"http:\/\/fussball.tsv-westerstetten.de\/index.php?rest_route=\/wp\/v2\/pages\/13"}],"wp:featuredmedia":[{"embeddable":true,"href":"http:\/\/fussball.tsv-westerstetten.de\/index.php?rest_route=\/wp\/v2\/media\/307"}],"wp:attachment":[{"href":"http:\/\/fussball.tsv-westerstetten.de\/index.php?rest_route=%2Fwp%2Fv2%2Fmedia&parent=671"}],"curies":[{"name":"wp","href":"https:\/\/api.w.org\/{rel}","templated":true}]}}